{"id":17,"date":"2026-02-07T11:58:32","date_gmt":"2026-02-07T10:58:32","guid":{"rendered":"https:\/\/musiquehesingue.org\/?page_id=17"},"modified":"2026-02-07T11:58:32","modified_gmt":"2026-02-07T10:58:32","slug":"qui-sommes-nous","status":"publish","type":"page","link":"https:\/\/musiquehesingue.org\/index.php\/qui-sommes-nous\/","title":{"rendered":"Qui sommes nous?"},"content":{"rendered":"\n<p>Fond\u00e9 en 1891, l&#8217;Orchestre d\u2019Harmonie de H\u00e9singue fait partie int\u00e9grante de la vie culturelle locale depuis plus<br>d\u2019un si\u00e8cle. Il rassemble aujourd\u2019hui une quarantaine de musiciens de tous \u00e2ges et de tous horizons. <\/p>\n\n\n\n<p>Ses missions : Promouvoir la pratique musicale en orchestre, partager la musique avec le public, cr\u00e9er du lien<br>interg\u00e9n\u00e9rationnel, faire vivre la culture au c\u0153ur de la commune.<br>Son r\u00e9pertoire : Musique de films, vari\u00e9t\u00e9s, classiques, \u0153uvres originales pour orchestre d\u2019harmonie\u2026 <\/p>\n\n\n\n<p>Un m\u00e9lange de tradition et de modernit\u00e9!<\/p>\n\n\n\n<figure class=\"wp-block-image size-large\"><img loading=\"lazy\" decoding=\"async\" width=\"1024\" height=\"683\" src=\"https:\/\/musiquehesingue.org\/wp-content\/uploads\/2025\/06\/3C1A6840-HDR-Avec-accentuation-Bruit-2-1-1024x683.jpg\" alt=\"\" class=\"wp-image-42\" srcset=\"https:\/\/musiquehesingue.org\/wp-content\/uploads\/2025\/06\/3C1A6840-HDR-Avec-accentuation-Bruit-2-1-1024x683.jpg 1024w, https:\/\/musiquehesingue.org\/wp-content\/uploads\/2025\/06\/3C1A6840-HDR-Avec-accentuation-Bruit-2-1-300x200.jpg 300w, https:\/\/musiquehesingue.org\/wp-content\/uploads\/2025\/06\/3C1A6840-HDR-Avec-accentuation-Bruit-2-1-768x512.jpg 768w, https:\/\/musiquehesingue.org\/wp-content\/uploads\/2025\/06\/3C1A6840-HDR-Avec-accentuation-Bruit-2-1-1536x1025.jpg 1536w, https:\/\/musiquehesingue.org\/wp-content\/uploads\/2025\/06\/3C1A6840-HDR-Avec-accentuation-Bruit-2-1-2048x1366.jpg 2048w, https:\/\/musiquehesingue.org\/wp-content\/uploads\/2025\/06\/3C1A6840-HDR-Avec-accentuation-Bruit-2-1-1200x800.jpg 1200w, https:\/\/musiquehesingue.org\/wp-content\/uploads\/2025\/06\/3C1A6840-HDR-Avec-accentuation-Bruit-2-1-1980x1321.jpg 1980w\" sizes=\"auto, (max-width: 1024px) 100vw, 1024px\" \/><\/figure>\n\n\n\n<h2 class=\"wp-block-heading\">La vie de l\u2019Orchestre<\/h2>\n\n\n\n<ul class=\"wp-block-list\">\n<li><strong>R\u00e9p\u00e9titions<\/strong> : Chaque vendredi soir \u00e0 20h \u00e0 La Com\u00e8te de H\u00e9singue. <\/li>\n\n\n\n<li><strong>Concerts<\/strong> : Deux concerts annuels au printemps et en automne. <\/li>\n\n\n\n<li><strong>C\u00e9r\u00e9monies et f\u00eates officielles <\/strong>: V\u0153ux du maire, Armistice du 11 novembre, F\u00eate de la Musique.<\/li>\n\n\n\n<li><strong>\u00c9v\u00e8nement associatifs <\/strong>: organisation chaque ann\u00e9e d\u2019un repas asperges ; d\u2019une soir\u00e9e loto ; tenue d\u2019un stand<br>hamburger lors de H\u00e9singue en F\u00eate et d\u2019un cabanon au march\u00e9 de No\u00ebl. <\/li>\n\n\n\n<li><strong>Moments conviviaux <\/strong>: Sorties, week-ends musicaux, repas partag\u00e9s, rencontres avec d\u2019autres orchestres\u2026<br><\/li>\n<\/ul>\n\n\n\n<p><strong>Rejoindre l\u2019Orchestre<\/strong><\/p>\n\n\n\n<p><br>Qui peut nous rejoindre ?<br>Tout musicien, quel que soit l\u2019\u00e2ge ou le niveau, est le bienvenu ! L\u2019orchestre accueille des instruments \u00e0 vent, des cuivres, des bois, des percussions\u2026 Tous les pupitres<br>recrutent ! <\/p>\n\n\n\n<p>Pourquoi nous rejoindre ?<\/p>\n\n\n\n<ul class=\"wp-block-list\">\n<li>Pour progresser musicalement, <\/li>\n\n\n\n<li>Pour vivre des exp\u00e9riences collectives uniques, <\/li>\n\n\n\n<li>Pour partager une passion commune dans une ambiance bienveillante.<\/li>\n<\/ul>\n\n\n\n<p>L\u2019association<br>Fonctionnement : L\u2019orchestre est une association loi 1901, g\u00e9r\u00e9e par un comit\u00e9 de b\u00e9n\u00e9voles<\/p>\n\n\n\n<p><em>Cr\u00e9dit photo @stephanemartinphoto<\/em><\/p>\n","protected":false},"excerpt":{"rendered":"<p>Fond\u00e9 en 1891, l&#8217;Orchestre d\u2019Harmonie de H\u00e9singue fait partie int\u00e9grante de la vie culturelle locale depuis plusd\u2019un si\u00e8cle. Il rassemble aujourd\u2019hui une quarantaine de musiciens de tous \u00e2ges et de tous horizons. Ses missions : Promouvoir la pratique musicale en orchestre, partager la musique avec le public, cr\u00e9er du lieninterg\u00e9n\u00e9rationnel, faire vivre la culture au [&hellip;]<\/p>\n","protected":false},"author":1,"featured_media":0,"parent":0,"menu_order":0,"comment_status":"closed","ping_status":"closed","template":"","meta":{"footnotes":""},"class_list":["post-17","page","type-page","status-publish","hentry"],"_links":{"self":[{"href":"https:\/\/musiquehesingue.org\/index.php\/wp-json\/wp\/v2\/pages\/17","targetHints":{"allow":["GET"]}}],"collection":[{"href":"https:\/\/musiquehesingue.org\/index.php\/wp-json\/wp\/v2\/pages"}],"about":[{"href":"https:\/\/musiquehesingue.org\/index.php\/wp-json\/wp\/v2\/types\/page"}],"author":[{"embeddable":true,"href":"https:\/\/musiquehesingue.org\/index.php\/wp-json\/wp\/v2\/users\/1"}],"replies":[{"embeddable":true,"href":"https:\/\/musiquehesingue.org\/index.php\/wp-json\/wp\/v2\/comments?post=17"}],"version-history":[{"count":3,"href":"https:\/\/musiquehesingue.org\/index.php\/wp-json\/wp\/v2\/pages\/17\/revisions"}],"predecessor-version":[{"id":44,"href":"https:\/\/musiquehesingue.org\/index.php\/wp-json\/wp\/v2\/pages\/17\/revisions\/44"}],"wp:attachment":[{"href":"https:\/\/musiquehesingue.org\/index.php\/wp-json\/wp\/v2\/media?parent=17"}],"curies":[{"name":"wp","href":"https:\/\/api.w.org\/{rel}","templated":true}]}}